{"id":3450,"date":"2024-11-05T11:45:42","date_gmt":"2024-11-05T10:45:42","guid":{"rendered":"https:\/\/kedazo.com\/?page_id=3450"},"modified":"2024-11-05T11:46:01","modified_gmt":"2024-11-05T10:46:01","slug":"datenschutzrichtlinie","status":"publish","type":"page","link":"https:\/\/kedazo.com\/de\/richtlinien-und-bestimmungen\/datenschutzrichtlinie\/","title":{"rendered":"Datenschutzrichtlinie"},"content":{"rendered":"\r\n<h3 class=\"wp-block-heading\">Datenschutzrichtlinie<\/h3>\r\n<p>Diese Datenschutzrichtlinie legt die Grunds\u00e4tze f\u00fcr die Verarbeitung und den Schutz personenbezogener Daten fest, die von Benutzern im Zusammenhang mit der Nutzung der von der Website <a href=\"http:\/\/www.kedazo.com\/\" target=\"_new\" rel=\"noopener\">www.kedazo.com<\/a> (im Folgenden: &#8222;Service&#8220;) angebotenen Dienstleistungen bereitgestellt werden.<\/p>\r\n<p><strong>Verantwortlicher f\u00fcr die personenbezogenen Daten (VPD):<\/strong><br \/>OILB.IO P.S.A<br \/>Powsta\u0144c\u00f3w Sejne\u0144skich 8<br \/>16-500 Sejny<br \/>NIP: 8442379851<br \/>KRS: 0001018758<br \/>REGON: 524437122<\/p>\r\n<p><strong>Datenschutzbeauftragter (DSB):<\/strong><br \/>Agata Czuper, E-Mail-Adresse: <a rel=\"noopener\">agata@oilb.io<\/a><\/p>\r\n<p>Im Interesse der Sicherheit der \u00fcberlassenen personenbezogenen Daten handelt der VPD auf der Grundlage interner Verfahren und Empfehlungen, die mit den relevanten gesetzlichen Bestimmungen zum Schutz personenbezogener Daten \u00fcbereinstimmen, insbesondere mit der Verordnung (EU) 2016\/679 des Europ\u00e4ischen Parlaments und des Rates vom 27. April 2016.<\/p>\r\n<p>Der VPD legt besonderen Wert auf den Schutz der Interessen der Personen, deren Daten verarbeitet werden, und stellt insbesondere sicher, dass die personenbezogenen Daten:<\/p>\r\n<ul>\r\n<li>rechtm\u00e4\u00dfig verarbeitet werden,<\/li>\r\n<li>f\u00fcr festgelegte, rechtm\u00e4\u00dfige Zwecke gesammelt und nicht weiterverarbeitet werden, die mit diesen Zwecken unvereinbar sind,<\/li>\r\n<li>sachlich korrekt und angemessen in Bezug auf die Zwecke sind, f\u00fcr die sie verarbeitet werden,<\/li>\r\n<li>in einer Form gespeichert werden, die die Identifizierung der betroffenen Personen erm\u00f6glicht, nicht l\u00e4nger als erforderlich ist, um den Zweck der Verarbeitung zu erreichen.<\/li>\r\n<\/ul>\r\n<p><strong>Wie wir Daten sammeln:<\/strong><\/p>\r\n<p>Der VPD f\u00fchrt Funktionen zur Erfassung von Informationen \u00fcber Benutzer und deren Verhalten auf folgende Weise durch:<\/p>\r\n<ul>\r\n<li>\r\n<p><strong>Durch freiwillige Eingabe von Informationen in Formularen<\/strong>, um:<\/p>\r\n<ul>\r\n<li>Auf Anfragen von Benutzern zu antworten, die \u00fcber das Kontaktformular gesendet werden, basierend auf Artikel 6 Absatz 1 Buchstabe f DSGVO.<\/li>\r\n<li>Informationen zu Produkten und Dienstleistungen, die vom VPD angeboten werden, an die angegebene E-Mail-Adresse zu senden, sofern der Benutzer zugestimmt hat, basierend auf Artikel 6 Absatz 1 Buchstabe a DSGVO. Die Zustimmung kann jederzeit widerrufen werden.<\/li>\r\n<li>Verfolgung des berechtigten Interesses des VPD in bestimmten F\u00e4llen auf der Grundlage von Artikel 6 Absatz 1 Buchstabe f DSGVO, z.B. Inkasso.<\/li>\r\n<\/ul>\r\n<\/li>\r\n<li>\r\n<p><strong>Durch das Sammeln von Cookies:<\/strong><\/p>\r\n<\/li>\r\n<\/ul>\r\n<p>Bei der ersten Besuch auf dem Service wird der Benutzer \u00fcber die Verwendung von Cookies informiert. Durch Klicken auf &#8222;ALLES AKZEPTIEREN&#8220; erkl\u00e4rt der Benutzer sein Einverst\u00e4ndnis zur Verwendung von Cookies auf der Website. Der Benutzer kann jederzeit seine Cookie-Einstellungen \u00e4ndern.<\/p>\r\n<p>Notwendige Cookies f\u00fcr den Betrieb der Website k\u00f6nnen durch \u00c4nderung der Browsereinstellungen verwaltet werden; es sollte jedoch beachtet werden, dass \u00c4nderungen der Einstellungen dazu f\u00fchren k\u00f6nnen, dass die Website nicht ordnungsgem\u00e4\u00df funktioniert.<\/p>\r\n<p>Das Deaktivieren bestimmter Cookies kann dazu f\u00fchren, dass die Website nicht korrekt funktioniert und der Zugriff auf bestimmte Funktionen nicht m\u00f6glich ist.<\/p>\r\n<p>Weitere Informationen zu Cookies sind im Hilfebereich des Benutzerbrowsers verf\u00fcgbar.<\/p>\r\n<p><strong>Arten von Cookies:<\/strong><\/p>\r\n<p>Innerhalb des Service werden folgende Arten von Cookies verwendet:<\/p>\r\n<ul>\r\n<li><strong>Notwendige Cookies:<\/strong> Grundlegend f\u00fcr die grundlegende Funktionalit\u00e4t der Seite.<\/li>\r\n<li><strong>Analytische Cookies:<\/strong> Helfen, das Nutzungserlebnis zu verbessern, indem sie analysieren, wie Benutzer mit der Website interagieren und die Effektivit\u00e4t verschiedener Verkaufskan\u00e4le.<\/li>\r\n<li><strong>Marketing-Cookies:<\/strong> Werden verwendet, um Werbeinhalte zu personalisieren, gezielt zu steuern und die Leistung von Marketing- und Verkaufskan\u00e4len zu analysieren.<\/li>\r\n<\/ul>\r\n<p>Die verwendeten Cookies erm\u00f6glichen es uns, unsere Website weiterzuentwickeln.<\/p>\r\n<p><strong>Datenempf\u00e4nger:<\/strong><\/p>\r\n<p>Die Empf\u00e4nger der von uns verarbeiteten personenbezogenen Daten sind Unternehmen, die im Bereich der Arbeitnehmer\u00fcberlassung und der Festanstellung (in Polen und Deutschland) zusammenarbeiten.<\/p>\r\n<p>Dar\u00fcber hinaus k\u00f6nnen Empf\u00e4nger personenbezogener Daten Beh\u00f6rden, Institutionen und auf Grundlage der gesetzlichen Vorschriften autorisierte Stellen sein (einschlie\u00dflich des deutschen Arbeitsrechts), sowie Unternehmen, die Dienstleistungen f\u00fcr den VPD erbringen (z.B. rechtliche, IT-, Marketing-, Buchhaltungsdienste und andere an der Erbringung der bestellten Dienstleistung beteiligte Unternehmen).<\/p>\r\n<p><strong>Datenschutzbestimmungen bez\u00fcglich Google Analytics:<\/strong><\/p>\r\n<p>Wir verwenden die Analysetools von Google Analytics, die Informationen \u00fcber Ihre Besuche auf der Website sammeln, wie z.B. die Unterseiten, die Sie angezeigt haben, die Zeit, die Sie auf der Website verbracht haben, und die \u00dcberg\u00e4nge zwischen den einzelnen Unterseiten. Zu diesem Zweck werden Cookies der Google LLC im Zusammenhang mit dem Google Analytics-Dienst verwendet.<\/p>\r\n<p>Sie k\u00f6nnen Cookies von Drittanbietern, die in Google Analytics verwendet werden, ablehnen, indem Sie Ihre Werbeeinstellungen \u00e4ndern oder die hier angebotenen Tools verwenden: <a href=\"https:\/\/adssettings.google.com\/\" target=\"_new\" rel=\"noopener\">https:\/\/adssettings.google.com<\/a>.<\/p>\r\n<p>Wir haben mit Google einen Vertrag \u00fcber die Auftragsverarbeitung von Daten abgeschlossen und setzen die strengen Anforderungen der deutschen Datenschutzbeh\u00f6rden vollst\u00e4ndig um, wenn wir Google Analytics verwenden.<\/p>\r\n<p><strong>Datenschutzbestimmungen bez\u00fcglich Google Ads:<\/strong><\/p>\r\n<p>Wir verwenden Marketingtools wie Google Ads, das Werbesystem von Google, das es erm\u00f6glicht, gesponserte Links in den Suchergebnissen sowie auf Websites anzuzeigen, die am Google AdSense-Programm teilnehmen.<\/p>\r\n<p><strong>Plugins:<\/strong><\/p>\r\n<ul>\r\n<li><strong>Facebook:<\/strong> Auf unserer Website sind die sozialen Plugins von Facebook integriert. Diese Plugins sind am Facebook-Logo zu erkennen. Bei Besuch der Seite stellt das Plugin eine direkte Verbindung zwischen Ihrem Browser und dem Facebook-Server her, wodurch Facebook Informationen erh\u00e4lt, dass Sie unsere Seite mit Ihrer IP-Adresse besucht haben.<\/li>\r\n<\/ul>\r\n<p>Weitere Informationen zur Datenverarbeitung durch Facebook: <a href=\"https:\/\/www.facebook.com\/policy.php\" target=\"_new\" rel=\"noopener\">https:\/\/www.facebook.com\/policy.php<\/a>.<\/p>\r\n<ul>\r\n<li><strong>YouTube:<\/strong> Auf unserer Website sind Komponenten von YouTube integriert, die die Anzeige von Videos erm\u00f6glichen.<\/li>\r\n<\/ul>\r\n<p>Weitere Informationen zur Datenverarbeitung durch YouTube: <a href=\"https:\/\/www.google.de\/intl\/de\/policies\/privacy\/\" target=\"_new\" rel=\"noopener\">https:\/\/www.google.de\/intl\/de\/policies\/privacy\/<\/a>.<\/p>\r\n<ul>\r\n<li><strong>Instagram:<\/strong> Auf unserer Website sind Komponenten von Instagram integriert, die es den Benutzern erm\u00f6glichen, Fotos zu bearbeiten und zu teilen.<\/li>\r\n<\/ul>\r\n<p>Weitere Informationen zur Datenverarbeitung durch Instagram: <a href=\"https:\/\/help.instagram.com\/519522125107875\" target=\"_new\" rel=\"noopener\">https:\/\/help.instagram.com\/519522125107875<\/a>.<\/p>\r\n<ul>\r\n<li><strong>LinkedIn:<\/strong> Auf unserer Website sind Komponenten von LinkedIn integriert, die es den Benutzern erm\u00f6glichen, Inhalte zu teilen und berufliche Kontakte zu kn\u00fcpfen.<\/li>\r\n<\/ul>\r\n<p>Weitere Informationen zur Datenverarbeitung durch LinkedIn: <a href=\"https:\/\/www.linkedin.com\/legal\/privacy-policy\" target=\"_new\" rel=\"noopener\">https:\/\/www.linkedin.com\/legal\/privacy-policy<\/a>.<\/p>\r\n<ul>\r\n<li><strong>TikTok:<\/strong> Auf unserer Website sind Komponenten von TikTok integriert, die es den Benutzern erm\u00f6glichen, Videoinhalte anzuzeigen.<\/li>\r\n<\/ul>\r\n<p>Weitere Informationen zur Datenverarbeitung durch TikTok: <a target=\"_new\" rel=\"noopener\">https:\/\/www.tiktok.com\/legal\/privacy-policy<\/a>.<\/p>\r\n<p><strong>Benutzerrechte:<\/strong><\/p>\r\n<p>Benutzer haben das Recht, ihre personenbezogenen Daten jederzeit zu \u00e4ndern, zu \u00fcbertragen, die Verarbeitung einzuschr\u00e4nken, Widerspruch einzulegen oder die Verarbeitung zu stoppen. Sie k\u00f6nnen auch die L\u00f6schung ihrer personenbezogenen Daten aus dem Service anfordern.<\/p>\r\n<p>Um ihre Rechte auszu\u00fcben, sollten Benutzer den VPD unter derselben E-Mail-Adresse oder Telefonnummer kontaktieren, die im Service angegeben ist.<\/p>\r\n<p>Jeder Benutzer des Services kann eine Beschwerde beim Amt f\u00fcr den Datenschutz einreichen, Stawki 2, 00-193 Warschau.<\/p>\r\n<p>Der Service kann Links zu anderen Websites enthalten, die unabh\u00e4ngig funktionieren und nicht vom Service \u00fcberwacht werden. Diese Seiten k\u00f6nnen ihre eigenen Datenschutzrichtlinien und -vorschriften haben, die wir empfehlen, sorgf\u00e4ltig zu lesen.<\/p>\r\n<p>OILB.IO P.S.A. beh\u00e4lt sich das Recht vor, die Datenschutzrichtlinie des Services zu \u00e4ndern, was durch die Entwicklung der Internettechnologie, m\u00f6gliche \u00c4nderungen im Datenschutzrecht und die Entwicklung des Services verursacht werden kann. Wir werden die Benutzer \u00fcber alle \u00c4nderungen auf eine sichtbare und verst\u00e4ndliche Weise informieren.<\/p>","protected":false},"excerpt":{"rendered":"<p>Datenschutzrichtlinie Diese Datenschutzrichtlinie legt die Grunds\u00e4tze f\u00fcr die Verarbeitung und den Schutz personenbezogener Daten fest, die von Benutzern im Zusammenhang mit der Nutzung der von der Website www.kedazo.com (im Folgenden: &#8222;Service&#8220;) angebotenen Dienstleistungen bereitgestellt werden. Verantwortlicher f\u00fcr die personenbezogenen Daten (VPD):OILB.IO P.S.APowsta\u0144c\u00f3w Sejne\u0144skich 816-500 SejnyNIP: 8442379851KRS: 0001018758REGON: 524437122 Datenschutzbeauftragter (DSB):Agata Czuper, E-Mail-Adresse: agata@oilb.io Im Interesse [&#8230;]\n","protected":false},"author":2,"featured_media":0,"parent":3418,"menu_order":0,"comment_status":"closed","ping_status":"open","template":"","meta":{"_acf_changed":false,"footnotes":""},"class_list":["post-3450","page","type-page","status-publish","hentry"],"acf":[],"_links":{"self":[{"href":"https:\/\/kedazo.com\/de\/wp-json\/wp\/v2\/pages\/3450","targetHints":{"allow":["GET"]}}],"collection":[{"href":"https:\/\/kedazo.com\/de\/wp-json\/wp\/v2\/pages"}],"about":[{"href":"https:\/\/kedazo.com\/de\/wp-json\/wp\/v2\/types\/page"}],"author":[{"embeddable":true,"href":"https:\/\/kedazo.com\/de\/wp-json\/wp\/v2\/users\/2"}],"replies":[{"embeddable":true,"href":"https:\/\/kedazo.com\/de\/wp-json\/wp\/v2\/comments?post=3450"}],"version-history":[{"count":1,"href":"https:\/\/kedazo.com\/de\/wp-json\/wp\/v2\/pages\/3450\/revisions"}],"predecessor-version":[{"id":3451,"href":"https:\/\/kedazo.com\/de\/wp-json\/wp\/v2\/pages\/3450\/revisions\/3451"}],"up":[{"embeddable":true,"href":"https:\/\/kedazo.com\/de\/wp-json\/wp\/v2\/pages\/3418"}],"wp:attachment":[{"href":"https:\/\/kedazo.com\/de\/wp-json\/wp\/v2\/media?parent=3450"}],"curies":[{"name":"wp","href":"https:\/\/api.w.org\/{rel}","templated":true}]}}