{"id":3454,"date":"2024-11-05T11:48:15","date_gmt":"2024-11-05T10:48:15","guid":{"rendered":"https:\/\/kedazo.com\/?page_id=3454"},"modified":"2024-11-05T11:48:15","modified_gmt":"2024-11-05T10:48:15","slug":"politica-de-privacidad","status":"publish","type":"page","link":"https:\/\/kedazo.com\/es\/politicas-y-regulaciones\/politica-de-privacidad\/","title":{"rendered":"Pol\u00edtica de Privacidad"},"content":{"rendered":"\r\n<h3 class=\"wp-block-heading\">Pol\u00edtica de Privacidad<\/h3>\r\n<p>Esta Pol\u00edtica de Privacidad establece los principios para el tratamiento y la protecci\u00f3n de los datos personales proporcionados por los usuarios en relaci\u00f3n con su uso de los servicios ofrecidos por el sitio web <a href=\"http:\/\/www.kedazo.com\/\" target=\"_new\" rel=\"noopener\">www.kedazo.com<\/a> (en adelante, el \u00abServicio\u00bb).<\/p>\r\n<p><strong>Responsable del Tratamiento de Datos Personales (RTDP):<\/strong><br \/>OILB.IO P.S.A<br \/>Calle Powsta\u0144c\u00f3w Sejne\u0144skich 8<br \/>16-500 Sejny<br \/>NIP: 8442379851<br \/>KRS: 0001018758<br \/>REGON: 524437122<\/p>\r\n<p><strong>Delegado de Protecci\u00f3n de Datos (DPD):<\/strong><br \/>Agata Czuper, direcci\u00f3n de correo electr\u00f3nico: <a rel=\"noopener\">agata@oilb.io<\/a><\/p>\r\n<p>Con el fin de garantizar la seguridad de los datos personales confiados, el RTDP act\u00faa sobre la base de procedimientos internos y recomendaciones que cumplen con los actos legislativos pertinentes en materia de protecci\u00f3n de datos personales, en particular con el Reglamento (UE) 2016\/679 del Parlamento Europeo y del Consejo del 27 de abril de 2016.<\/p>\r\n<p>El RTDP presta especial atenci\u00f3n a la protecci\u00f3n de los intereses de las personas cuyos datos se procesan y, en particular, garantiza que los datos personales:<\/p>\r\n<ul>\r\n<li>sean tratados de manera legal,<\/li>\r\n<li>sean recolectados para fines determinados y legales y no sean objeto de un tratamiento posterior incompatible con esos fines,<\/li>\r\n<li>sean correctos y adecuados en relaci\u00f3n con los fines para los que se procesan,<\/li>\r\n<li>sean almacenados de forma que permita la identificaci\u00f3n de las personas a las que se refieren, durante no m\u00e1s tiempo del necesario para alcanzar el fin del tratamiento.<\/li>\r\n<\/ul>\r\n<p><strong>C\u00f3mo Recopilamos Datos:<\/strong><\/p>\r\n<p>El RTDP lleva a cabo funciones para obtener informaci\u00f3n sobre los usuarios y su comportamiento de las siguientes maneras:<\/p>\r\n<ul>\r\n<li>\r\n<p><strong>A trav\u00e9s de la introducci\u00f3n voluntaria de informaci\u00f3n en formularios<\/strong>, con el fin de:<\/p>\r\n<ul>\r\n<li>Responder a las consultas de los usuarios dirigidas a trav\u00e9s del formulario de contacto, en base al art\u00edculo 6, p\u00e1rrafo 1, letra f) del RGPD.<\/li>\r\n<li>Enviar informaci\u00f3n sobre los productos y servicios ofrecidos por el RTDP a la direcci\u00f3n de correo electr\u00f3nico proporcionada, si el usuario ha dado su consentimiento, en base al art\u00edculo 6, p\u00e1rrafo 1, letra a) del RGPD. El consentimiento puede ser retirado en cualquier momento.<\/li>\r\n<li>Seguir el inter\u00e9s leg\u00edtimo del RTDP en casos espec\u00edficos, basado en el art\u00edculo 6, p\u00e1rrafo 1, letra f) del RGPD, por ejemplo, en el cobro de deudas.<\/li>\r\n<\/ul>\r\n<\/li>\r\n<li>\r\n<p><strong>A trav\u00e9s de la recopilaci\u00f3n de cookies:<\/strong><\/p>\r\n<\/li>\r\n<\/ul>\r\n<p>En la primera visita al Servicio, se informa al usuario sobre el uso de cookies. Al hacer clic en \u00abACEPTAR TODO\u00bb, el usuario da su consentimiento para el uso de cookies en el sitio web. El usuario puede cambiar la configuraci\u00f3n de cookies en cualquier momento.<\/p>\r\n<p>Las cookies necesarias para el funcionamiento del sitio se pueden gestionar cambiando la configuraci\u00f3n del navegador; sin embargo, se debe tener en cuenta que los cambios pueden causar un funcionamiento incorrecto del sitio.<\/p>\r\n<p>Desactivar algunas cookies puede dar lugar a un mal funcionamiento del sitio y a la falta de acceso a ciertas funciones.<\/p>\r\n<p>M\u00e1s informaci\u00f3n sobre las cookies est\u00e1 disponible en la secci\u00f3n \u00abAyuda\u00bb en el men\u00fa del navegador del usuario.<\/p>\r\n<p><strong>Tipos de Cookies Utilizadas:<\/strong><\/p>\r\n<p>Dentro del Servicio, se utilizan los siguientes tipos de cookies:<\/p>\r\n<ul>\r\n<li><strong>Cookies necesarias:<\/strong> Fundamentales para la funcionalidad b\u00e1sica del sitio.<\/li>\r\n<li><strong>Cookies anal\u00edticas:<\/strong> Ayudan a mejorar la experiencia del usuario al analizar c\u00f3mo interact\u00faan los usuarios con el sitio y la eficacia de los diferentes canales de venta.<\/li>\r\n<li><strong>Cookies de marketing:<\/strong> Utilizadas para personalizar el contenido publicitario, orientar correctamente y analizar el rendimiento de los canales de marketing y venta.<\/li>\r\n<\/ul>\r\n<p>Las cookies que utilizamos nos permiten desarrollar nuestro sitio.<\/p>\r\n<p><strong>Destinatarios de los Datos:<\/strong><\/p>\r\n<p>Los destinatarios de los datos personales que procesamos son empresas que colaboran en el \u00e1mbito del alquiler de personal y la contrataci\u00f3n permanente (en Polonia y Alemania).<\/p>\r\n<p>Adem\u00e1s, los destinatarios de los datos personales pueden incluir autoridades, instituciones y entidades autorizadas bajo la legislaci\u00f3n (incluyendo el derecho laboral alem\u00e1n), as\u00ed como entidades que prestan servicios al RTDP (por ejemplo, servicios legales, inform\u00e1ticos, de marketing, contables y otras entidades involucradas en la realizaci\u00f3n del servicio solicitado).<\/p>\r\n<p><strong>Disposiciones Relativas a la Protecci\u00f3n de Datos en Relaci\u00f3n con Google Analytics:<\/strong><\/p>\r\n<p>Utilizamos herramientas anal\u00edticas de Google Analytics que recogen informaci\u00f3n sobre sus visitas al sitio, como las subp\u00e1ginas que ha visualizado, el tiempo que ha pasado en el sitio y las transiciones entre las distintas subp\u00e1ginas. Para este fin, se utilizan cookies de Google LLC relacionadas con el servicio de Google Analytics.<\/p>\r\n<p>Puede optar por no utilizar cookies de terceros empleadas en Google Analytics cambiando la configuraci\u00f3n de publicidad o utilizando las herramientas proporcionadas aqu\u00ed: <a href=\"https:\/\/adssettings.google.com\/\" target=\"_new\" rel=\"noopener\">https:\/\/adssettings.google.com<\/a>.<\/p>\r\n<p>Hemos celebrado un contrato de procesamiento de datos con Google y cumplimos plenamente con los estrictos requisitos de las autoridades alemanas de protecci\u00f3n de datos al utilizar Google Analytics.<\/p>\r\n<p><strong>Disposiciones Relativas a la Protecci\u00f3n de Datos en Relaci\u00f3n con Google Ads:<\/strong><\/p>\r\n<p>Utilizamos herramientas de marketing como Google Ads, el sistema publicitario de Google, que permite la visualizaci\u00f3n de enlaces patrocinados en los resultados de b\u00fasqueda y en sitios asociados dentro del programa Google AdSense.<\/p>\r\n<p><strong>Plugins:<\/strong><\/p>\r\n<ul>\r\n<li><strong>Facebook:<\/strong> En nuestro sitio web est\u00e1n integrados plugins de redes sociales de Facebook. Estos plugins se reconocen por el logo de Facebook. Al visitar el sitio, el plugin establece una conexi\u00f3n directa entre su navegador y el servidor de Facebook, lo que permite a Facebook recibir informaci\u00f3n de que ha visitado nuestra p\u00e1gina con su direcci\u00f3n IP.<\/li>\r\n<\/ul>\r\n<p>M\u00e1s informaci\u00f3n sobre el tratamiento de datos por parte de Facebook: <a href=\"https:\/\/www.facebook.com\/policy.php\" target=\"_new\" rel=\"noopener\">https:\/\/www.facebook.com\/policy.php<\/a>.<\/p>\r\n<ul>\r\n<li><strong>YouTube:<\/strong> En nuestro sitio web est\u00e1n integrados componentes de YouTube, que permiten la visualizaci\u00f3n de videos.<\/li>\r\n<\/ul>\r\n<p>M\u00e1s informaci\u00f3n sobre el tratamiento de datos por parte de YouTube: <a href=\"https:\/\/www.google.de\/intl\/de\/policies\/privacy\/\" target=\"_new\" rel=\"noopener\">https:\/\/www.google.de\/intl\/de\/policies\/privacy\/<\/a>.<\/p>\r\n<ul>\r\n<li><strong>Instagram:<\/strong> En nuestro sitio web est\u00e1n integrados componentes de Instagram, que permiten a los usuarios editar y compartir fotos.<\/li>\r\n<\/ul>\r\n<p>M\u00e1s informaci\u00f3n sobre el tratamiento de datos por parte de Instagram: <a href=\"https:\/\/help.instagram.com\/519522125107875\" target=\"_new\" rel=\"noopener\">https:\/\/help.instagram.com\/519522125107875<\/a>.<\/p>\r\n<ul>\r\n<li><strong>LinkedIn:<\/strong> En nuestro sitio web est\u00e1n integrados componentes de LinkedIn, que permiten a los usuarios compartir contenido y crear contactos profesionales.<\/li>\r\n<\/ul>\r\n<p>M\u00e1s informaci\u00f3n sobre el tratamiento de datos por parte de LinkedIn: <a href=\"https:\/\/www.linkedin.com\/legal\/privacy-policy\" target=\"_new\" rel=\"noopener\">https:\/\/www.linkedin.com\/legal\/privacy-policy<\/a>.<\/p>\r\n<ul>\r\n<li><strong>TikTok:<\/strong> En nuestro sitio web est\u00e1n integrados componentes de TikTok, que permiten a los usuarios visualizar contenido de video.<\/li>\r\n<\/ul>\r\n<p>M\u00e1s informaci\u00f3n sobre el tratamiento de datos por parte de TikTok: <a target=\"_new\" rel=\"noopener\">https:\/\/www.tiktok.com\/legal\/privacy-policy<\/a>.<\/p>\r\n<p><strong>Derechos de los Usuarios:<\/strong><\/p>\r\n<p>Los usuarios tienen derecho a modificar, transferir, restringir, oponerse o cesar en cualquier momento el tratamiento de sus datos personales. Tambi\u00e9n pueden solicitar la eliminaci\u00f3n de sus datos personales del Servicio.<\/p>\r\n<p>Para ejercer sus derechos, los usuarios deben ponerse en contacto con el RTDP utilizando la misma direcci\u00f3n de correo electr\u00f3nico o n\u00famero de tel\u00e9fono proporcionado en el Servicio.<\/p>\r\n<p>Cualquier usuario del servicio puede presentar una queja ante la Oficina de Protecci\u00f3n de Datos Personales, Stawki 2, 00-193 Varsovia.<\/p>\r\n<p>El Servicio puede contener enlaces a otros sitios web que funcionan de manera independiente y no est\u00e1n supervisados por el Servicio. Estos sitios pueden tener sus propias pol\u00edticas de privacidad y regulaciones, que recomendamos revisar cuidadosamente.<\/p>\r\n<p>OILB.IO P.S.A. se reserva el derecho de modificar la pol\u00edtica de privacidad del Servicio, lo que puede resultar del desarrollo de la tecnolog\u00eda de Internet, posibles cambios en la legislaci\u00f3n sobre protecci\u00f3n de datos personales y la evoluci\u00f3n del Servicio. Informaremos a los usuarios sobre cualquier cambio de manera visible y comprensible.<\/p>","protected":false},"excerpt":{"rendered":"<p>Pol\u00edtica de Privacidad Esta Pol\u00edtica de Privacidad establece los principios para el tratamiento y la protecci\u00f3n de los datos personales proporcionados por los usuarios en relaci\u00f3n con su uso de los servicios ofrecidos por el sitio web www.kedazo.com (en adelante, el \u00abServicio\u00bb). Responsable del Tratamiento de Datos Personales (RTDP):OILB.IO P.S.ACalle Powsta\u0144c\u00f3w Sejne\u0144skich 816-500 SejnyNIP: 8442379851KRS: [&#8230;]\n","protected":false},"author":2,"featured_media":0,"parent":3422,"menu_order":0,"comment_status":"closed","ping_status":"open","template":"","meta":{"_acf_changed":false,"footnotes":""},"class_list":["post-3454","page","type-page","status-publish","hentry"],"acf":[],"_links":{"self":[{"href":"https:\/\/kedazo.com\/es\/wp-json\/wp\/v2\/pages\/3454","targetHints":{"allow":["GET"]}}],"collection":[{"href":"https:\/\/kedazo.com\/es\/wp-json\/wp\/v2\/pages"}],"about":[{"href":"https:\/\/kedazo.com\/es\/wp-json\/wp\/v2\/types\/page"}],"author":[{"embeddable":true,"href":"https:\/\/kedazo.com\/es\/wp-json\/wp\/v2\/users\/2"}],"replies":[{"embeddable":true,"href":"https:\/\/kedazo.com\/es\/wp-json\/wp\/v2\/comments?post=3454"}],"version-history":[{"count":1,"href":"https:\/\/kedazo.com\/es\/wp-json\/wp\/v2\/pages\/3454\/revisions"}],"predecessor-version":[{"id":3455,"href":"https:\/\/kedazo.com\/es\/wp-json\/wp\/v2\/pages\/3454\/revisions\/3455"}],"up":[{"embeddable":true,"href":"https:\/\/kedazo.com\/es\/wp-json\/wp\/v2\/pages\/3422"}],"wp:attachment":[{"href":"https:\/\/kedazo.com\/es\/wp-json\/wp\/v2\/media?parent=3454"}],"curies":[{"name":"wp","href":"https:\/\/api.w.org\/{rel}","templated":true}]}}