{"id":3452,"date":"2024-11-05T11:47:06","date_gmt":"2024-11-05T10:47:06","guid":{"rendered":"https:\/\/kedazo.com\/?page_id=3452"},"modified":"2024-11-05T11:47:22","modified_gmt":"2024-11-05T10:47:22","slug":"politique-de-confidentialite","status":"publish","type":"page","link":"https:\/\/kedazo.com\/fr\/politiques-et-reglements\/politique-de-confidentialite\/","title":{"rendered":"Politique de Confidentialit\u00e9"},"content":{"rendered":"\r\n<h3 class=\"wp-block-heading\">Politique de Confidentialit\u00e9<\/h3>\r\n<p>Cette Politique de Confidentialit\u00e9 d\u00e9finit les principes de traitement et de protection des donn\u00e9es personnelles fournies par les utilisateurs dans le cadre de leur utilisation des services offerts par le site internet <a href=\"http:\/\/www.kedazo.com\/\" target=\"_new\" rel=\"noopener\">www.kedazo.com<\/a> (ci-apr\u00e8s : le \u00ab\u00a0Service\u00a0\u00bb).<\/p>\r\n<p><strong>Responsable du traitement des donn\u00e9es personnelles (RTPD) :<\/strong><br \/>OILB.IO P.S.A<br \/>8, rue des Powsta\u0144c\u00f3w Sejne\u0144skich<br \/>16-500 Sejny<br \/>NIP : 8442379851<br \/>KRS : 0001018758<br \/>REGON : 524437122<\/p>\r\n<p><strong>D\u00e9l\u00e9gu\u00e9 \u00e0 la protection des donn\u00e9es (DPD) :<\/strong><br \/>Agata Czuper, adresse e-mail : <a rel=\"noopener\">agata@oilb.io<\/a><\/p>\r\n<p>Dans un souci de s\u00e9curit\u00e9 des donn\u00e9es personnelles confi\u00e9es, le RTPD agit sur la base de proc\u00e9dures internes et de recommandations conformes aux actes l\u00e9gislatifs pertinents en mati\u00e8re de protection des donn\u00e9es personnelles, et en particulier \u00e0 la R\u00e8glementation (UE) 2016\/679 du Parlement Europ\u00e9en et du Conseil du 27 avril 2016.<\/p>\r\n<p>Le RTPD accorde une attention particuli\u00e8re \u00e0 la protection des int\u00e9r\u00eats des personnes concern\u00e9es, et en particulier veille \u00e0 ce que les donn\u00e9es personnelles soient :<\/p>\r\n<ul>\r\n<li>trait\u00e9es conform\u00e9ment \u00e0 la loi,<\/li>\r\n<li>collect\u00e9es \u00e0 des fins d\u00e9termin\u00e9es et l\u00e9gales et non soumises \u00e0 un traitement ult\u00e9rieur incompatible avec ces fins,<\/li>\r\n<li>factuellement correctes et ad\u00e9quates par rapport aux finalit\u00e9s pour lesquelles elles sont trait\u00e9es,<\/li>\r\n<li>conserv\u00e9es sous une forme permettant l\u2019identification des personnes concern\u00e9es, pour une dur\u00e9e qui ne d\u00e9passe pas celle n\u00e9cessaire \u00e0 la r\u00e9alisation des objectifs de traitement.<\/li>\r\n<\/ul>\r\n<p><strong>Comment nous collectons des donn\u00e9es :<\/strong><\/p>\r\n<p>Le RTPD remplit les fonctions de collecte d&rsquo;informations sur les utilisateurs et leurs comportements de la mani\u00e8re suivante :<\/p>\r\n<ul>\r\n<li>\r\n<p><strong>Par la saisie volontaire d&rsquo;informations dans des formulaires<\/strong>, afin de :<\/p>\r\n<ul>\r\n<li>R\u00e9pondre aux demandes des utilisateurs adress\u00e9es par le biais du formulaire de contact, sur la base de l&rsquo;article 6, paragraphe 1, lettre f) du RGPD.<\/li>\r\n<li>Envoyer des informations concernant les produits et services offerts par le RTPD \u00e0 l&rsquo;adresse e-mail fournie, si l&rsquo;utilisateur a donn\u00e9 son consentement, sur la base de l&rsquo;article 6, paragraphe 1, lettre a) du RGPD. Le consentement peut \u00eatre retir\u00e9 \u00e0 tout moment.<\/li>\r\n<li>Poursuivre l&rsquo;int\u00e9r\u00eat l\u00e9gitime du RTPD dans des cas sp\u00e9cifiques sur la base de l&rsquo;article 6, paragraphe 1, lettre f) du RGPD, par exemple pour le recouvrement de cr\u00e9ances.<\/li>\r\n<\/ul>\r\n<\/li>\r\n<li>\r\n<p><strong>En collectant des cookies :<\/strong><\/p>\r\n<\/li>\r\n<\/ul>\r\n<p>Lors de la premi\u00e8re visite sur le Service, l&rsquo;utilisateur est inform\u00e9 de l&rsquo;utilisation de cookies. En cliquant sur \u00ab\u00a0J&rsquo;ACCEPTE TOUT\u00a0\u00bb, l&rsquo;utilisateur donne son consentement \u00e0 l&rsquo;utilisation de cookies sur le site web. L&rsquo;utilisateur peut modifier ses param\u00e8tres de cookies \u00e0 tout moment.<\/p>\r\n<p>Les cookies n\u00e9cessaires au fonctionnement du site peuvent \u00eatre g\u00e9r\u00e9s en modifiant les param\u00e8tres du navigateur ; cependant, il convient de noter que des modifications peuvent entra\u00eener un mauvais fonctionnement du site.<\/p>\r\n<p>D\u00e9sactiver certains cookies peut entra\u00eener un fonctionnement incorrect du site et un acc\u00e8s limit\u00e9 \u00e0 certaines fonctionnalit\u00e9s.<\/p>\r\n<p>Pour plus d&rsquo;informations sur les cookies, veuillez consulter la section \u00ab\u00a0Aide\u00a0\u00bb dans le menu du navigateur de l&rsquo;utilisateur.<\/p>\r\n<p><strong>Types de cookies utilis\u00e9s :<\/strong><\/p>\r\n<p>Au sein du Service, les types de cookies suivants sont utilis\u00e9s :<\/p>\r\n<ul>\r\n<li><strong>Cookies n\u00e9cessaires :<\/strong> Fondamentaux pour la fonctionnalit\u00e9 de base du site.<\/li>\r\n<li><strong>Cookies analytiques :<\/strong> Aident \u00e0 am\u00e9liorer l&rsquo;exp\u00e9rience utilisateur en analysant la mani\u00e8re dont les utilisateurs interagissent avec le site et l&rsquo;efficacit\u00e9 des diff\u00e9rents canaux de vente.<\/li>\r\n<li><strong>Cookies marketing :<\/strong> Utilis\u00e9s pour personnaliser le contenu publicitaire, cibler correctement et analyser la performance des canaux marketing et de vente.<\/li>\r\n<\/ul>\r\n<p>Les cookies que nous utilisons nous permettent de d\u00e9velopper notre site.<\/p>\r\n<p><strong>Destinataires des donn\u00e9es :<\/strong><\/p>\r\n<p>Les destinataires des donn\u00e9es personnelles que nous traitons sont des entreprises collaborant dans le domaine de la location de personnel et du recrutement permanent (en Pologne et en Allemagne).<\/p>\r\n<p>De plus, les destinataires des donn\u00e9es personnelles peuvent inclure des autorit\u00e9s, des institutions et des entit\u00e9s autoris\u00e9es en vertu des lois (y compris le droit du travail allemand), ainsi que des entit\u00e9s fournissant des services au RTPD (par exemple, services juridiques, informatiques, marketing, comptables et autres entit\u00e9s participant \u00e0 la r\u00e9alisation du service command\u00e9).<\/p>\r\n<p><strong>Dispositions relatives \u00e0 la protection des donn\u00e9es concernant Google Analytics :<\/strong><\/p>\r\n<p>Nous utilisons les outils analytiques de Google Analytics, qui collectent des informations sur vos visites du site, telles que les sous-pages que vous avez affich\u00e9es, le temps pass\u00e9 sur le site et les transitions entre les diff\u00e9rentes sous-pages. \u00c0 cette fin, des cookies de Google LLC relatifs au service Google Analytics sont utilis\u00e9s.<\/p>\r\n<p>Vous pouvez renoncer aux cookies de tiers utilis\u00e9s dans Google Analytics en modifiant vos param\u00e8tres publicitaires ou en utilisant les outils fournis ici : <a href=\"https:\/\/adssettings.google.com\/\" target=\"_new\" rel=\"noopener\">https:\/\/adssettings.google.com<\/a>.<\/p>\r\n<p>Nous avons conclu avec Google un contrat de traitement de donn\u00e9es et mettons en \u0153uvre pleinement les exigences strictes des autorit\u00e9s allemandes de protection des donn\u00e9es lors de l&rsquo;utilisation de Google Analytics.<\/p>\r\n<p><strong>Dispositions relatives \u00e0 la protection des donn\u00e9es concernant Google Ads :<\/strong><\/p>\r\n<p>Nous utilisons des outils marketing tels que Google Ads, le syst\u00e8me publicitaire de Google, qui permet d&rsquo;afficher des liens sponsoris\u00e9s dans les r\u00e9sultats de recherche et sur les sites partenaires dans le cadre du programme Google AdSense.<\/p>\r\n<p><strong>Plugins :<\/strong><\/p>\r\n<ul>\r\n<li><strong>Facebook :<\/strong> Notre site web int\u00e8gre des plugins de m\u00e9dias sociaux Facebook. Ces plugins sont reconnaissables par le logo Facebook. Lors de la visite du site, le plugin \u00e9tablit une connexion directe entre votre navigateur et le serveur Facebook, permettant \u00e0 Facebook de recevoir des informations que vous avez visit\u00e9 notre site avec votre adresse IP.<\/li>\r\n<\/ul>\r\n<p>Pour plus d&rsquo;informations sur le traitement des donn\u00e9es par Facebook : <a href=\"https:\/\/www.facebook.com\/policy.php\" target=\"_new\" rel=\"noopener\">https:\/\/www.facebook.com\/policy.php<\/a>.<\/p>\r\n<ul>\r\n<li><strong>YouTube :<\/strong> Notre site int\u00e8gre des composants de YouTube, qui permettent l&rsquo;affichage de vid\u00e9os.<\/li>\r\n<\/ul>\r\n<p>Pour plus d&rsquo;informations sur le traitement des donn\u00e9es par YouTube : <a href=\"https:\/\/www.google.de\/intl\/de\/policies\/privacy\/\" target=\"_new\" rel=\"noopener\">https:\/\/www.google.de\/intl\/de\/policies\/privacy\/<\/a>.<\/p>\r\n<ul>\r\n<li><strong>Instagram :<\/strong> Notre site int\u00e8gre des composants d&rsquo;Instagram, qui permettent aux utilisateurs de modifier et de partager des photos.<\/li>\r\n<\/ul>\r\n<p>Pour plus d&rsquo;informations sur le traitement des donn\u00e9es par Instagram : <a href=\"https:\/\/help.instagram.com\/519522125107875\" target=\"_new\" rel=\"noopener\">https:\/\/help.instagram.com\/519522125107875<\/a>.<\/p>\r\n<ul>\r\n<li><strong>LinkedIn :<\/strong> Notre site int\u00e8gre des composants de LinkedIn, qui permettent aux utilisateurs de partager du contenu et de cr\u00e9er des contacts professionnels.<\/li>\r\n<\/ul>\r\n<p>Pour plus d&rsquo;informations sur le traitement des donn\u00e9es par LinkedIn : <a href=\"https:\/\/www.linkedin.com\/legal\/privacy-policy\" target=\"_new\" rel=\"noopener\">https:\/\/www.linkedin.com\/legal\/privacy-policy<\/a>.<\/p>\r\n<ul>\r\n<li><strong>TikTok :<\/strong> Notre site int\u00e8gre des composants de TikTok, qui permettent aux utilisateurs de visionner du contenu vid\u00e9o.<\/li>\r\n<\/ul>\r\n<p>Pour plus d&rsquo;informations sur le traitement des donn\u00e9es par TikTok : <a target=\"_new\" rel=\"noopener\">https:\/\/www.tiktok.com\/legal\/privacy-policy<\/a>.<\/p>\r\n<p><strong>Droits des utilisateurs :<\/strong><\/p>\r\n<p>Les utilisateurs ont le droit de modifier, de transf\u00e9rer, de restreindre, de s&rsquo;opposer ou de cesser \u00e0 tout moment le traitement de leurs donn\u00e9es personnelles. Ils peuvent \u00e9galement demander la suppression de leurs donn\u00e9es personnelles du Service.<\/p>\r\n<p>Pour exercer leurs droits, les utilisateurs doivent contacter le RTPD en utilisant la m\u00eame adresse e-mail ou num\u00e9ro de t\u00e9l\u00e9phone fournis au Service.<\/p>\r\n<p>Tout utilisateur du Service peut d\u00e9poser une plainte aupr\u00e8s de l&rsquo;Office de Protection des Donn\u00e9es Personnelles, ul. Stawki 2, 00-193 Varsovie.<\/p>\r\n<p>Le Service peut contenir des liens vers d&rsquo;autres sites internet qui fonctionnent de mani\u00e8re ind\u00e9pendante et ne sont pas surveill\u00e9s par le Service. Ces sites peuvent avoir leurs propres politiques de confidentialit\u00e9 et r\u00e8glements, que nous recommandons de lire attentivement.<\/p>\r\n<p>OILB.IO P.S.A. se r\u00e9serve le droit de modifier la politique de confidentialit\u00e9 du Service, ce qui peut \u00eatre d\u00fb \u00e0 l&rsquo;\u00e9volution de la technologie Internet, \u00e0 d&rsquo;\u00e9ventuels changements l\u00e9gislatifs en mati\u00e8re de protection des donn\u00e9es personnelles et \u00e0 l&rsquo;\u00e9volution du Service. Nous informerons les utilisateurs de tout changement de mani\u00e8re visible et compr\u00e9hensible.<\/p>","protected":false},"excerpt":{"rendered":"<p>Politique de Confidentialit\u00e9 Cette Politique de Confidentialit\u00e9 d\u00e9finit les principes de traitement et de protection des donn\u00e9es personnelles fournies par les utilisateurs dans le cadre de leur utilisation des services offerts par le site internet www.kedazo.com (ci-apr\u00e8s : le \u00ab\u00a0Service\u00a0\u00bb). Responsable du traitement des donn\u00e9es personnelles (RTPD) :OILB.IO P.S.A8, rue des Powsta\u0144c\u00f3w Sejne\u0144skich16-500 SejnyNIP : [&#8230;]\n","protected":false},"author":2,"featured_media":0,"parent":3420,"menu_order":0,"comment_status":"closed","ping_status":"open","template":"","meta":{"_acf_changed":false,"footnotes":""},"class_list":["post-3452","page","type-page","status-publish","hentry"],"acf":[],"_links":{"self":[{"href":"https:\/\/kedazo.com\/fr\/wp-json\/wp\/v2\/pages\/3452","targetHints":{"allow":["GET"]}}],"collection":[{"href":"https:\/\/kedazo.com\/fr\/wp-json\/wp\/v2\/pages"}],"about":[{"href":"https:\/\/kedazo.com\/fr\/wp-json\/wp\/v2\/types\/page"}],"author":[{"embeddable":true,"href":"https:\/\/kedazo.com\/fr\/wp-json\/wp\/v2\/users\/2"}],"replies":[{"embeddable":true,"href":"https:\/\/kedazo.com\/fr\/wp-json\/wp\/v2\/comments?post=3452"}],"version-history":[{"count":1,"href":"https:\/\/kedazo.com\/fr\/wp-json\/wp\/v2\/pages\/3452\/revisions"}],"predecessor-version":[{"id":3453,"href":"https:\/\/kedazo.com\/fr\/wp-json\/wp\/v2\/pages\/3452\/revisions\/3453"}],"up":[{"embeddable":true,"href":"https:\/\/kedazo.com\/fr\/wp-json\/wp\/v2\/pages\/3420"}],"wp:attachment":[{"href":"https:\/\/kedazo.com\/fr\/wp-json\/wp\/v2\/media?parent=3452"}],"curies":[{"name":"wp","href":"https:\/\/api.w.org\/{rel}","templated":true}]}}