{"id":2916,"date":"2024-08-19T13:36:31","date_gmt":"2024-08-19T11:36:31","guid":{"rendered":"https:\/\/kedazo.com\/?post_type=product&#038;p=2916"},"modified":"2024-11-01T13:10:26","modified_gmt":"2024-11-01T12:10:26","slug":"oilb-io-bougies-cinnamon-serenity-enveloppez-votre-interieur-de-chaleur-et-de-tranquillite-avec-larome-epice-de-la-cannelle","status":"publish","type":"product","link":"https:\/\/kedazo.com\/fr\/produkt\/oilb-io-bougies-cinnamon-serenity-enveloppez-votre-interieur-de-chaleur-et-de-tranquillite-avec-larome-epice-de-la-cannelle\/","title":{"rendered":"Oilb.io Bougies \u2013 Cinnamon Serenity. Enveloppez votre int\u00e9rieur de chaleur et de tranquillit\u00e9 avec l&rsquo;ar\u00f4me \u00e9pic\u00e9 de la cannelle !"},"content":{"rendered":"","protected":false},"excerpt":{"rendered":"<p><strong>Oilb.io Bougies \u2013 Cinnamon Serenity de la s\u00e9rie Happy Hue Scents<\/strong><br \/>\nApportez chaleur et confort \u00e0 votre maison avec Cinnamon Serenity \u2013 une bougie en soja qui enveloppe votre int\u00e9rieur d&rsquo;un ar\u00f4me \u00e9pic\u00e9 de cannelle. Enferm\u00e9e dans un \u00e9l\u00e9gant verre bleu mat, cette bougie d\u00e9gage une chaleur propice \u00e0 la d\u00e9tente et \u00e0 la s\u00e9r\u00e9nit\u00e9. Gr\u00e2ce \u00e0 la cire de soja naturelle, elle br\u00fble proprement et longtemps, cr\u00e9ant une atmosph\u00e8re agr\u00e9able, id\u00e9ale pour des soir\u00e9es au coin du feu.<\/p>\n<p>Laissez l&rsquo;ar\u00f4me de la cannelle vous envelopper d&rsquo;un sentiment de paix et de confort, apportant \u00e0 votre maison une ambiance chaleureuse et harmonieuse.<\/p>\n<p>\ud83d\udc49 <strong>Ajoutez au panier et d\u00e9couvrez comment le parfum de la cannelle peut apporter chaleur et d\u00e9tente \u00e0 votre vie !<\/strong><\/p>\n","protected":false},"featured_media":1293,"comment_status":"open","ping_status":"closed","template":"","meta":{"_acf_changed":false},"product_brand":[],"product_cat":[1273,1237,1249],"product_tag":[],"class_list":{"0":"post-2916","1":"product","2":"type-product","3":"status-publish","4":"has-post-thumbnail","6":"product_cat-bougies-en-soja","7":"product_cat-nouveautes","8":"product_cat-produits","10":"first","11":"instock","12":"shipping-taxable","13":"purchasable","14":"product-type-simple"},"acf":[],"_links":{"self":[{"href":"https:\/\/kedazo.com\/fr\/wp-json\/wp\/v2\/product\/2916","targetHints":{"allow":["GET"]}}],"collection":[{"href":"https:\/\/kedazo.com\/fr\/wp-json\/wp\/v2\/product"}],"about":[{"href":"https:\/\/kedazo.com\/fr\/wp-json\/wp\/v2\/types\/product"}],"replies":[{"embeddable":true,"href":"https:\/\/kedazo.com\/fr\/wp-json\/wp\/v2\/comments?post=2916"}],"wp:featuredmedia":[{"embeddable":true,"href":"https:\/\/kedazo.com\/fr\/wp-json\/wp\/v2\/media\/1293"}],"wp:attachment":[{"href":"https:\/\/kedazo.com\/fr\/wp-json\/wp\/v2\/media?parent=2916"}],"wp:term":[{"taxonomy":"product_brand","embeddable":true,"href":"https:\/\/kedazo.com\/fr\/wp-json\/wp\/v2\/product_brand?post=2916"},{"taxonomy":"product_cat","embeddable":true,"href":"https:\/\/kedazo.com\/fr\/wp-json\/wp\/v2\/product_cat?post=2916"},{"taxonomy":"product_tag","embeddable":true,"href":"https:\/\/kedazo.com\/fr\/wp-json\/wp\/v2\/product_tag?post=2916"}],"curies":[{"name":"wp","href":"https:\/\/api.w.org\/{rel}","templated":true}]}}